{"id":33,"date":"2016-03-22T15:16:40","date_gmt":"2016-03-22T15:16:40","guid":{"rendered":"http:\/\/viewtech.de\/?page_id=33"},"modified":"2023-02-02T16:39:39","modified_gmt":"2023-02-02T16:39:39","slug":"impressum","status":"publish","type":"page","link":"https:\/\/viewtech.de\/?page_id=33","title":{"rendered":"Impressum"},"content":{"rendered":"<table border=\"0\" width=\"100%\">\n<tbody>\n<tr>\n<td align=\"right\" valign=\"top\">\n<table border=\"0\" width=\"100%\">\n<tbody>\n<tr>\n<td valign=\"top\">Alle hier verwendeten Namen, Begriffe, Zeichen und Grafiken k\u00f6nnen Marken- oder Warenzeichen im Besitze ihrer rechtlichen Eigent\u00fcmer sein. Die Rechte aller erw\u00e4hnten und benutzten Marken- und Warenzeichen liegen ausschlie\u00dflich bei deren Besitzern.<\/td>\n<\/tr>\n<\/tbody>\n<\/table>\n<\/td>\n<\/tr>\n<tr>\n<td>\n<table border=\"0\" width=\"100%\">\n<tbody>\n<tr>\n<td colspan=\"2\" align=\"left\"><a href=\"http:\/\/heider-gmbh.de\/wp-content\/uploads\/home.png\"><img decoding=\"async\" loading=\"lazy\" class=\"alignnone size-full wp-image-50\" src=\"http:\/\/heider-gmbh.de\/wp-content\/uploads\/home.png\" alt=\"home\" width=\"16\" height=\"16\" \/><\/a> <strong>Firmeninformationen<\/strong><\/td>\n<\/tr>\n<tr>\n<td align=\"left\" valign=\"top\" width=\"40%\">Uwe H. Heider GmbH<\/p>\n<p>Diepholzer Str. 6<\/p>\n<p>27751 Delmenhorst<\/p>\n<p>Deutschland<\/td>\n<td align=\"left\" valign=\"top\">\n<table border=\"0\" cellspacing=\"2\" cellpadding=\"0\">\n<tbody>\n<tr>\n<td align=\"left\"><a href=\"http:\/\/heider-gmbh.de\/wp-content\/uploads\/con_tel.png\"><img decoding=\"async\" loading=\"lazy\" class=\"alignnone size-full wp-image-48\" src=\"http:\/\/heider-gmbh.de\/wp-content\/uploads\/con_tel.png\" alt=\"con_tel\" width=\"16\" height=\"16\" \/><\/a><\/td>\n<td align=\"left\">04221 \/ 68579-0<\/td>\n<\/tr>\n<tr>\n<td align=\"left\"><a href=\"http:\/\/heider-gmbh.de\/wp-content\/uploads\/con_fax.png\"><img decoding=\"async\" loading=\"lazy\" class=\"alignnone size-full wp-image-47\" src=\"http:\/\/heider-gmbh.de\/wp-content\/uploads\/con_fax.png\" alt=\"con_fax\" width=\"16\" height=\"16\" \/><\/a><\/td>\n<td align=\"left\">04221 \/ 68579-99<\/td>\n<\/tr>\n<tr>\n<td align=\"left\"><a href=\"http:\/\/heider-gmbh.de\/wp-content\/uploads\/con_address.png\"><img decoding=\"async\" loading=\"lazy\" class=\"alignnone size-full wp-image-46\" src=\"http:\/\/heider-gmbh.de\/wp-content\/uploads\/con_address.png\" alt=\"con_address\" width=\"16\" height=\"16\" \/><\/a><\/td>\n<td align=\"left\"><a href=\"http:\/\/www.viewtech.de\">www.viewtech.de<\/a><\/td>\n<\/tr>\n<tr>\n<td align=\"left\"><a href=\"http:\/\/heider-gmbh.de\/wp-content\/uploads\/emailButton.png\"><img decoding=\"async\" loading=\"lazy\" class=\"alignnone size-full wp-image-49\" src=\"http:\/\/heider-gmbh.de\/wp-content\/uploads\/emailButton.png\" alt=\"emailButton\" width=\"16\" height=\"16\" \/><\/a><\/td>\n<td align=\"left\"><a href=\"https:\/\/viewtech.de\/?page_id=169&amp;preview=true\">Kontaktformular<\/a><\/td>\n<\/tr>\n<\/tbody>\n<\/table>\n<\/td>\n<\/tr>\n<\/tbody>\n<\/table>\n<\/td>\n<\/tr>\n<tr>\n<td>\n<table border=\"0\" width=\"100%\">\n<tbody>\n<tr>\n<td align=\"left\"><a href=\"http:\/\/heider-gmbh.de\/wp-content\/uploads\/recht.png\"><img decoding=\"async\" loading=\"lazy\" class=\"alignnone size-full wp-image-52\" src=\"http:\/\/heider-gmbh.de\/wp-content\/uploads\/recht.png\" alt=\"recht\" width=\"16\" height=\"16\" \/><\/a> <strong>Rechtliche Angaben<\/strong><\/td>\n<\/tr>\n<tr>\n<td align=\"left\">Vertretungsberechtigt: Uwe H. Heider, Martina Konrad, Andr\u00e9 Heinisch<br \/>\nUmsatzsteuer-Identifikationsnummer gem\u00e4\u00df \u00a7 27 a Umsatzsteuergesetz: DE117177162<br \/>\nRegistergericht: AG Oldenburg<br \/>\nRegisternummer: HRB 140217Inhaltlich Verantwortlicher gem\u00e4\u00df TMG<br \/>\nUwe H. Heider, Martina Konrad, Andr\u00e9 Heinisch<\/td>\n<\/tr>\n<\/tbody>\n<\/table>\n<\/td>\n<\/tr>\n<tr>\n<td>\n<table border=\"0\" width=\"100%\">\n<tbody>\n<tr>\n<td align=\"left\"><a href=\"http:\/\/heider-gmbh.de\/wp-content\/uploads\/technik.png\"><img decoding=\"async\" loading=\"lazy\" class=\"alignnone size-full wp-image-53\" src=\"http:\/\/heider-gmbh.de\/wp-content\/uploads\/technik.png\" alt=\"technik\" width=\"16\" height=\"16\" \/><\/a> <strong>Technische Angaben<\/strong><\/td>\n<\/tr>\n<tr>\n<td align=\"left\">Technisch verantwortlich f\u00fcr Webseitengestaltung, Design und Inhalt: Andr\u00e9 Heinisch info@heider-gmbh.net<\/td>\n<\/tr>\n<\/tbody>\n<\/table>\n<\/td>\n<\/tr>\n<tr>\n<td>\n<table border=\"0\" width=\"100%\">\n<tbody>\n<tr>\n<td align=\"left\"><a href=\"http:\/\/heider-gmbh.de\/wp-content\/uploads\/bilder.png\"><img decoding=\"async\" loading=\"lazy\" class=\"alignnone size-full wp-image-45\" src=\"http:\/\/heider-gmbh.de\/wp-content\/uploads\/bilder.png\" alt=\"bilder\" width=\"16\" height=\"16\" \/><\/a> <strong>Bildquellen und -rechte<\/strong><\/td>\n<\/tr>\n<tr>\n<td align=\"left\">https:\/\/pixabay.com\/de\/<\/td>\n<\/tr>\n<\/tbody>\n<\/table>\n<\/td>\n<\/tr>\n<tr>\n<td>\n<table border=\"0\" width=\"100%\">\n<tbody>\n<tr>\n<td align=\"left\"><a href=\"http:\/\/heider-gmbh.de\/wp-content\/uploads\/info.png\"><img decoding=\"async\" loading=\"lazy\" class=\"alignnone size-full wp-image-51\" src=\"http:\/\/heider-gmbh.de\/wp-content\/uploads\/info.png\" alt=\"info\" width=\"16\" height=\"16\" \/><\/a> <strong>Weitere Informationen<\/strong><\/td>\n<\/tr>\n<tr>\n<td align=\"left\" valign=\"top\"><\/td>\n<\/tr>\n<\/tbody>\n<\/table>\n<\/td>\n<\/tr>\n<\/tbody>\n<\/table>\n","protected":false},"excerpt":{"rendered":"<p>Alle hier verwendeten Namen, Begriffe, Zeichen und Grafiken k\u00f6nnen Marken- oder Warenzeichen im Besitze ihrer rechtlichen Eigent\u00fcmer sein. Die Rechte aller erw\u00e4hnten und benutzten Marken- und Warenzeichen liegen ausschlie\u00dflich bei deren Besitzern. Firmeninformationen Uwe H. Heider GmbH Diepholzer Str. 6 27751 Delmenhorst Deutschland 04221 \/ 68579-0 04221 \/ 68579-99 www.viewtech.de Kontaktformular Rechtliche Angaben Vertretungsberechtigt: Uwe [&hellip;]<\/p>\n","protected":false},"author":1,"featured_media":0,"parent":0,"menu_order":0,"comment_status":"closed","ping_status":"closed","template":"","meta":[],"_links":{"self":[{"href":"https:\/\/viewtech.de\/index.php?rest_route=\/wp\/v2\/pages\/33"}],"collection":[{"href":"https:\/\/viewtech.de\/index.php?rest_route=\/wp\/v2\/pages"}],"about":[{"href":"https:\/\/viewtech.de\/index.php?rest_route=\/wp\/v2\/types\/page"}],"author":[{"embeddable":true,"href":"https:\/\/viewtech.de\/index.php?rest_route=\/wp\/v2\/users\/1"}],"replies":[{"embeddable":true,"href":"https:\/\/viewtech.de\/index.php?rest_route=%2Fwp%2Fv2%2Fcomments&post=33"}],"version-history":[{"count":11,"href":"https:\/\/viewtech.de\/index.php?rest_route=\/wp\/v2\/pages\/33\/revisions"}],"predecessor-version":[{"id":188,"href":"https:\/\/viewtech.de\/index.php?rest_route=\/wp\/v2\/pages\/33\/revisions\/188"}],"wp:attachment":[{"href":"https:\/\/viewtech.de\/index.php?rest_route=%2Fwp%2Fv2%2Fmedia&parent=33"}],"curies":[{"name":"wp","href":"https:\/\/api.w.org\/{rel}","templated":true}]}}